{"id":150,"date":"2026-04-10T12:53:47","date_gmt":"2026-04-10T12:53:47","guid":{"rendered":"https:\/\/hoidapphapluat.com.vn\/?page_id=150"},"modified":"2026-04-10T12:53:50","modified_gmt":"2026-04-10T12:53:50","slug":"tham-gia-to-tung","status":"publish","type":"page","link":"https:\/\/hoidapphapluat.com.vn\/?page_id=150","title":{"rendered":"THAM GIA T\u1ed0 T\u1ee4NG"},"content":{"rendered":"\n<p>Lu\u1eadt s\u01b0 tham gia t\u1ed1 t\u1ee5ng, tham gia gi\u1ea3i quy\u1ebft tranh ch\u1ea5p h\u1ee3p \u0111\u1ed3ng, \u0111\u1ea5t \u0111ai, th\u1eeba k\u1ebf, ly h\u00f4n<\/p>\n\n\n\n<p><font dir=\"auto\" style=\"vertical-align: inherit;\"><font dir=\"auto\" style=\"vertical-align: inherit;\">Lu\u1eadt s\u01b0 t\u01b0 v\u1ea5n, ,b\u00e1o ph\u00ed &#8211; S\u0110T: 0702340842<\/font><\/font><\/p>\n","protected":false},"excerpt":{"rendered":"<p>Lu\u1eadt s\u01b0 tham gia t\u1ed1 t\u1ee5ng, tham gia gi\u1ea3i quy\u1ebft tranh ch\u1ea5p h\u1ee3p \u0111\u1ed3ng, \u0111\u1ea5t \u0111ai, th\u1eeba k\u1ebf, ly h\u00f4n Lu\u1eadt s\u01b0 t\u01b0 v\u1ea5n, ,b\u00e1o ph\u00ed &#8211; S\u0110T: 0702340842<\/p>\n","protected":false},"author":1,"featured_media":0,"parent":0,"menu_order":0,"comment_status":"closed","ping_status":"closed","template":"","meta":{"om_disable_all_campaigns":false,"_monsterinsights_skip_tracking":false,"_monsterinsights_sitenote_active":false,"_monsterinsights_sitenote_note":"","_monsterinsights_sitenote_category":0,"footnotes":""},"class_list":["post-150","page","type-page","status-publish","hentry"],"aioseo_notices":[],"_links":{"self":[{"href":"https:\/\/hoidapphapluat.com.vn\/index.php?rest_route=\/wp\/v2\/pages\/150","targetHints":{"allow":["GET"]}}],"collection":[{"href":"https:\/\/hoidapphapluat.com.vn\/index.php?rest_route=\/wp\/v2\/pages"}],"about":[{"href":"https:\/\/hoidapphapluat.com.vn\/index.php?rest_route=\/wp\/v2\/types\/page"}],"author":[{"embeddable":true,"href":"https:\/\/hoidapphapluat.com.vn\/index.php?rest_route=\/wp\/v2\/users\/1"}],"replies":[{"embeddable":true,"href":"https:\/\/hoidapphapluat.com.vn\/index.php?rest_route=%2Fwp%2Fv2%2Fcomments&post=150"}],"version-history":[{"count":1,"href":"https:\/\/hoidapphapluat.com.vn\/index.php?rest_route=\/wp\/v2\/pages\/150\/revisions"}],"predecessor-version":[{"id":152,"href":"https:\/\/hoidapphapluat.com.vn\/index.php?rest_route=\/wp\/v2\/pages\/150\/revisions\/152"}],"wp:attachment":[{"href":"https:\/\/hoidapphapluat.com.vn\/index.php?rest_route=%2Fwp%2Fv2%2Fmedia&parent=150"}],"curies":[{"name":"wp","href":"https:\/\/api.w.org\/{rel}","templated":true}]}}