{"id":138,"date":"2026-04-10T12:41:37","date_gmt":"2026-04-10T12:41:37","guid":{"rendered":"https:\/\/hoidapphapluat.com.vn\/?page_id=138"},"modified":"2026-04-10T12:41:38","modified_gmt":"2026-04-10T12:41:38","slug":"dich-vu-lap-vi-bang","status":"publish","type":"page","link":"https:\/\/hoidapphapluat.com.vn\/?page_id=138","title":{"rendered":"D\u1ecaCH V\u1ee4 L\u1eacP VI B\u1eb0NG"},"content":{"rendered":"\n<p>Ch\u00fang t\u00f4i cung c\u1ea5p d\u1ecbch v\u1ee5 l\u1eadp vi b\u1eb1ng t\u1ea1i TP. H\u1ed3 Ch\u00ed Minh v\u1edbi chi ph\u00ed h\u1ee3p l\u00fd, ph\u00e1t h\u00e0nh nhanh ch\u00f3ng, \u0111\u1ea3m b\u1ea3o gi\u00e1 tr\u1ecb ph\u00e1p l\u00fd. Lu\u1eadt s\u01b0 t\u01b0 v\u1ea5n &#8211; S\u0110T: 0702340842<\/p>\n","protected":false},"excerpt":{"rendered":"<p>Ch\u00fang t\u00f4i cung c\u1ea5p d\u1ecbch v\u1ee5 l\u1eadp vi b\u1eb1ng t\u1ea1i TP. H\u1ed3 Ch\u00ed Minh v\u1edbi chi ph\u00ed h\u1ee3p l\u00fd, ph\u00e1t h\u00e0nh nhanh ch\u00f3ng, \u0111\u1ea3m b\u1ea3o gi\u00e1 tr\u1ecb ph\u00e1p l\u00fd. Lu\u1eadt s\u01b0 t\u01b0 v\u1ea5n &#8211; S\u0110T: 0702340842<\/p>\n","protected":false},"author":1,"featured_media":0,"parent":0,"menu_order":0,"comment_status":"closed","ping_status":"closed","template":"","meta":{"om_disable_all_campaigns":false,"_monsterinsights_skip_tracking":false,"_monsterinsights_sitenote_active":false,"_monsterinsights_sitenote_note":"","_monsterinsights_sitenote_category":0,"footnotes":""},"class_list":["post-138","page","type-page","status-publish","hentry"],"aioseo_notices":[],"_links":{"self":[{"href":"https:\/\/hoidapphapluat.com.vn\/index.php?rest_route=\/wp\/v2\/pages\/138","targetHints":{"allow":["GET"]}}],"collection":[{"href":"https:\/\/hoidapphapluat.com.vn\/index.php?rest_route=\/wp\/v2\/pages"}],"about":[{"href":"https:\/\/hoidapphapluat.com.vn\/index.php?rest_route=\/wp\/v2\/types\/page"}],"author":[{"embeddable":true,"href":"https:\/\/hoidapphapluat.com.vn\/index.php?rest_route=\/wp\/v2\/users\/1"}],"replies":[{"embeddable":true,"href":"https:\/\/hoidapphapluat.com.vn\/index.php?rest_route=%2Fwp%2Fv2%2Fcomments&post=138"}],"version-history":[{"count":1,"href":"https:\/\/hoidapphapluat.com.vn\/index.php?rest_route=\/wp\/v2\/pages\/138\/revisions"}],"predecessor-version":[{"id":140,"href":"https:\/\/hoidapphapluat.com.vn\/index.php?rest_route=\/wp\/v2\/pages\/138\/revisions\/140"}],"wp:attachment":[{"href":"https:\/\/hoidapphapluat.com.vn\/index.php?rest_route=%2Fwp%2Fv2%2Fmedia&parent=138"}],"curies":[{"name":"wp","href":"https:\/\/api.w.org\/{rel}","templated":true}]}}