{"id":121,"date":"2026-04-10T12:23:25","date_gmt":"2026-04-10T12:23:25","guid":{"rendered":"https:\/\/hoidapphapluat.com.vn\/?page_id=121"},"modified":"2026-04-10T12:45:44","modified_gmt":"2026-04-10T12:45:44","slug":"luat-su-ly-hon","status":"publish","type":"page","link":"https:\/\/hoidapphapluat.com.vn\/?page_id=121","title":{"rendered":"D\u1ecaCH V\u1ee4 GI\u1ea4Y PH\u00c9P"},"content":{"rendered":"\n<p><font dir=\"auto\" style=\"vertical-align: inherit;\"><font dir=\"auto\" style=\"vertical-align: inherit;\">Ch\u00fang t\u00f4i cung c\u1ea5p d\u1ecbch v\u1ee5 xin c\u1ea5p gi\u1ea5y ph\u00e9p h\u1ed9 kinh doanh, gi\u1ea5y ch\u1ee9ng nh\u1eadn \u0111\u0103ng k\u00fd doanh nghi\u1ec7p, <font dir=\"auto\" style=\"vertical-align: inherit;\"><font dir=\"auto\" style=\"vertical-align: inherit;\">gi\u1ea5y ch\u1ee9ng nh\u1eadn \u0111\u1ea7u <\/font><\/font><\/font><\/font>t\u01b0,<font dir=\"auto\" style=\"vertical-align: inherit;\"><font dir=\"auto\" style=\"vertical-align: inherit;\"> xin c\u1ea5p gi\u1ea5y ph\u00e9p Ph\u00f2ng ch\u00e1y ch\u1eefa ch\u00e1y, gi\u1ea5y ph\u00e9p v\u1ec7 sinh an to\u00e0n th\u1ef1c ph\u1ea9m t\u1ea1i TP. H\u1ed3 Ch\u00ed Minh v\u1edbi chi ph\u00ed h\u1ee3p l\u00fd, gi\u1ea3i quy\u1ebft nhanh ch\u00f3ng, thu\u1eadn ti\u1ec7n, th\u1ee7 t\u1ee5c \u0111\u01a1n gi\u1ea3n.<\/font><\/font><\/p>\n\n\n\n<p><font dir=\"auto\" style=\"vertical-align: inherit;\"><font dir=\"auto\" style=\"vertical-align: inherit;\"> Lu\u1eadt s\u01b0 t\u01b0 v\u1ea5n &#8211; S\u0110T: 0702340842<\/font><\/font><\/p>\n\n\n\n<p><\/p>\n","protected":false},"excerpt":{"rendered":"<p>Ch\u00fang t\u00f4i cung c\u1ea5p d\u1ecbch v\u1ee5 xin c\u1ea5p gi\u1ea5y ph\u00e9p h\u1ed9 kinh doanh, gi\u1ea5y ch\u1ee9ng nh\u1eadn \u0111\u0103ng k\u00fd doanh nghi\u1ec7p, gi\u1ea5y ch\u1ee9ng nh\u1eadn \u0111\u1ea7u t\u01b0, xin c\u1ea5p gi\u1ea5y ph\u00e9p Ph\u00f2ng ch\u00e1y ch\u1eefa ch\u00e1y, gi\u1ea5y ph\u00e9p v\u1ec7 sinh an to\u00e0n th\u1ef1c ph\u1ea9m t\u1ea1i TP. H\u1ed3 Ch\u00ed Minh v\u1edbi chi ph\u00ed h\u1ee3p l\u00fd, gi\u1ea3i quy\u1ebft nhanh ch\u00f3ng, thu\u1eadn ti\u1ec7n, th\u1ee7 t\u1ee5c \u0111\u01a1n gi\u1ea3n. Lu\u1eadt s\u01b0 t\u01b0 v\u1ea5n &#8211; S\u0110T: 0702340842<\/p>\n","protected":false},"author":1,"featured_media":0,"parent":0,"menu_order":0,"comment_status":"closed","ping_status":"closed","template":"","meta":{"om_disable_all_campaigns":false,"_monsterinsights_skip_tracking":false,"_monsterinsights_sitenote_active":false,"_monsterinsights_sitenote_note":"","_monsterinsights_sitenote_category":0,"footnotes":""},"class_list":["post-121","page","type-page","status-publish","hentry"],"aioseo_notices":[],"_links":{"self":[{"href":"https:\/\/hoidapphapluat.com.vn\/index.php?rest_route=\/wp\/v2\/pages\/121","targetHints":{"allow":["GET"]}}],"collection":[{"href":"https:\/\/hoidapphapluat.com.vn\/index.php?rest_route=\/wp\/v2\/pages"}],"about":[{"href":"https:\/\/hoidapphapluat.com.vn\/index.php?rest_route=\/wp\/v2\/types\/page"}],"author":[{"embeddable":true,"href":"https:\/\/hoidapphapluat.com.vn\/index.php?rest_route=\/wp\/v2\/users\/1"}],"replies":[{"embeddable":true,"href":"https:\/\/hoidapphapluat.com.vn\/index.php?rest_route=%2Fwp%2Fv2%2Fcomments&post=121"}],"version-history":[{"count":5,"href":"https:\/\/hoidapphapluat.com.vn\/index.php?rest_route=\/wp\/v2\/pages\/121\/revisions"}],"predecessor-version":[{"id":142,"href":"https:\/\/hoidapphapluat.com.vn\/index.php?rest_route=\/wp\/v2\/pages\/121\/revisions\/142"}],"wp:attachment":[{"href":"https:\/\/hoidapphapluat.com.vn\/index.php?rest_route=%2Fwp%2Fv2%2Fmedia&parent=121"}],"curies":[{"name":"wp","href":"https:\/\/api.w.org\/{rel}","templated":true}]}}